{"id":321,"date":"2025-09-01T10:09:01","date_gmt":"2025-09-01T08:09:01","guid":{"rendered":"http:\/\/bioenergie-plus.local\/about\/"},"modified":"2025-09-19T14:30:29","modified_gmt":"2025-09-19T12:30:29","slug":"savoir-faire","status":"publish","type":"page","link":"https:\/\/bioenergieplus.ch\/de\/savoir-faire\/","title":{"rendered":"Savoir faire"},"content":{"rendered":"<div data-elementor-type=\"wp-page\" data-elementor-id=\"321\" class=\"elementor elementor-321\">\n\t\t\t\t\t\t<section class=\"elementor-section elementor-top-section elementor-element elementor-element-4dcbe88 elementor-section-height-min-height elementor-section-boxed elementor-section-height-default elementor-section-items-middle\" data-id=\"4dcbe88\" data-element_type=\"section\" data-e-type=\"section\" data-settings=\"{&quot;background_background&quot;:&quot;classic&quot;}\">\n\t\t\t\t\t\t<div class=\"elementor-container elementor-column-gap-no\">\n\t\t\t\t\t<div class=\"elementor-column elementor-col-100 elementor-top-column elementor-element elementor-element-3c1f7d8\" data-id=\"3c1f7d8\" data-element_type=\"column\" data-e-type=\"column\">\n\t\t\t<div class=\"elementor-widget-wrap elementor-element-populated\">\n\t\t\t\t\t\t<div class=\"elementor-element elementor-element-ff67811 elementor-widget elementor-widget-heading\" data-id=\"ff67811\" data-element_type=\"widget\" data-e-type=\"widget\" data-widget_type=\"heading.default\">\n\t\t\t\t\t<h1 class=\"elementor-heading-title elementor-size-default\">Unser Know-how<\/h1>\t\t\t\t<\/div>\n\t\t\t\t\t<\/div>\n\t\t<\/div>\n\t\t\t\t\t<\/div>\n\t\t<\/section>\n\t\t\t\t<section class=\"elementor-section elementor-top-section elementor-element elementor-element-df9c35e elementor-section-boxed elementor-section-height-default elementor-section-height-default\" data-id=\"df9c35e\" data-element_type=\"section\" data-e-type=\"section\">\n\t\t\t\t\t\t<div class=\"elementor-container elementor-column-gap-no\">\n\t\t\t\t\t<div class=\"elementor-column elementor-col-100 elementor-top-column elementor-element elementor-element-5ae9521\" data-id=\"5ae9521\" data-element_type=\"column\" data-e-type=\"column\">\n\t\t\t<div class=\"elementor-widget-wrap elementor-element-populated\">\n\t\t\t\t\t\t<div class=\"elementor-element elementor-element-51e7681 elementor-widget__width-initial elementor-widget-mobile__width-inherit elementor-widget elementor-widget-heading\" data-id=\"51e7681\" data-element_type=\"widget\" data-e-type=\"widget\" data-widget_type=\"heading.default\">\n\t\t\t\t\t<h2 class=\"elementor-heading-title elementor-size-default\">Schl\u00fcsselfertig<\/h2>\t\t\t\t<\/div>\n\t\t\t\t<div class=\"elementor-element elementor-element-678353f elementor-widget__width-initial elementor-widget-mobile__width-inherit elementor-widget elementor-widget-text-editor\" data-id=\"678353f\" data-element_type=\"widget\" data-e-type=\"widget\" data-widget_type=\"text-editor.default\">\n\t\t\t\t\t\t\t\t\t<p>Angesichts steigender Energiekosten und neuer Umweltanforderungen m\u00fcssen Schweizer K\u00e4sereien ihr Gesch\u00e4ftsmodell \u00fcberdenken. Als Produzenten von Spezialit\u00e4ten mit gesch\u00fctzter Ursprungsbezeichnung (AOP) sind sie nach wie vor stark von fossilen Energien abh\u00e4ngig und tragen damit zu den Treibhausgasemissionen bei.<\/p><p>Dabei wird ein enormes Potenzial nicht ausgesch\u00f6pft: Molke, die fast 90 % der verarbeiteten Milch ausmacht. Allzu oft als Abfall betrachtet, kann sie zu einer erneuerbaren Energiequelle werden, die vor Ort durch Methanisierung direkt verwertet werden kann.<\/p>\t\t\t\t\t\t\t\t<\/div>\n\t\t\t\t\t<\/div>\n\t\t<\/div>\n\t\t\t\t\t<\/div>\n\t\t<\/section>\n\t\t\t\t<section class=\"elementor-section elementor-top-section elementor-element elementor-element-b61d1fa elementor-section-full_width elementor-section-height-default elementor-section-height-default\" data-id=\"b61d1fa\" data-element_type=\"section\" data-e-type=\"section\">\n\t\t\t\t\t\t<div class=\"elementor-container elementor-column-gap-no\">\n\t\t\t\t\t<div class=\"elementor-column elementor-col-100 elementor-top-column elementor-element elementor-element-d872a91\" data-id=\"d872a91\" data-element_type=\"column\" data-e-type=\"column\">\n\t\t\t<div class=\"elementor-widget-wrap elementor-element-populated\">\n\t\t\t\t\t\t<div class=\"elementor-element elementor-element-5185987 elementor-widget elementor-widget-image\" data-id=\"5185987\" data-element_type=\"widget\" data-e-type=\"widget\" data-widget_type=\"image.default\">\n\t\t\t\t\t\t\t\t\t\t\t\t\t\t\t<img fetchpriority=\"high\" decoding=\"async\" width=\"2480\" height=\"1771\" src=\"https:\/\/bioenergieplus.ch\/wp-content\/uploads\/2025\/09\/bioenergieplus-img-02.jpg\" class=\"attachment-full size-full wp-image-2188\" alt=\"bioenergieplus img 02\" srcset=\"https:\/\/bioenergieplus.ch\/wp-content\/uploads\/2025\/09\/bioenergieplus-img-02.jpg 2480w, https:\/\/bioenergieplus.ch\/wp-content\/uploads\/2025\/09\/bioenergieplus-img-02-300x214.jpg 300w, https:\/\/bioenergieplus.ch\/wp-content\/uploads\/2025\/09\/bioenergieplus-img-02-1024x731.jpg 1024w, https:\/\/bioenergieplus.ch\/wp-content\/uploads\/2025\/09\/bioenergieplus-img-02-768x548.jpg 768w, https:\/\/bioenergieplus.ch\/wp-content\/uploads\/2025\/09\/bioenergieplus-img-02-1536x1097.jpg 1536w, https:\/\/bioenergieplus.ch\/wp-content\/uploads\/2025\/09\/bioenergieplus-img-02-2048x1463.jpg 2048w, https:\/\/bioenergieplus.ch\/wp-content\/uploads\/2025\/09\/bioenergieplus-img-02-18x12.jpg 18w\" sizes=\"(max-width: 2480px) 100vw, 2480px\" title=\"Savoir faire\">\t\t\t\t\t\t\t\t\t\t\t\t\t\t\t<\/div>\n\t\t\t\t\t<\/div>\n\t\t<\/div>\n\t\t\t\t\t<\/div>\n\t\t<\/section>\n\t\t\t\t<section class=\"elementor-section elementor-top-section elementor-element elementor-element-ae26957 elementor-section-boxed elementor-section-height-default elementor-section-height-default\" data-id=\"ae26957\" data-element_type=\"section\" data-e-type=\"section\">\n\t\t\t\t\t\t<div class=\"elementor-container elementor-column-gap-no\">\n\t\t\t\t\t<div class=\"elementor-column elementor-col-100 elementor-top-column elementor-element elementor-element-5e6489d\" data-id=\"5e6489d\" data-element_type=\"column\" data-e-type=\"column\">\n\t\t\t<div class=\"elementor-widget-wrap elementor-element-populated\">\n\t\t\t\t\t\t<div class=\"elementor-element elementor-element-b89a589 elementor-widget__width-initial elementor-widget-mobile__width-inherit elementor-widget elementor-widget-heading\" data-id=\"b89a589\" data-element_type=\"widget\" data-e-type=\"widget\" data-widget_type=\"heading.default\">\n\t\t\t\t\t<h2 class=\"elementor-heading-title elementor-size-default\">BioEnergiePlus bietet technologische L\u00f6sungen, die auf die Schweizer K\u00e4sereien zugeschnitten sind:<\/h2>\t\t\t\t<\/div>\n\t\t\t\t<div class=\"elementor-element elementor-element-4f38b56 elementor-widget-divider--view-line elementor-widget elementor-widget-divider\" data-id=\"4f38b56\" data-element_type=\"widget\" data-e-type=\"widget\" data-widget_type=\"divider.default\">\n\t\t\t\t\t\t\t<div class=\"elementor-divider\">\n\t\t\t<span class=\"elementor-divider-separator\">\n\t\t\t\t\t\t<\/span>\n\t\t<\/div>\n\t\t\t\t\t\t<\/div>\n\t\t\t\t<div class=\"elementor-element elementor-element-77e21b2 elementor-widget__width-initial elementor-widget-mobile__width-inherit elementor-widget elementor-widget-text-editor\" data-id=\"77e21b2\" data-element_type=\"widget\" data-e-type=\"widget\" data-widget_type=\"text-editor.default\">\n\t\t\t\t\t\t\t\t\t<p class=\"p1\">Unsere L\u00f6sungen erm\u00f6glichen die Umwandlung von Molke und Wei\u00dfwasser (CIP) in nicht-fossiles Methan und bieten K\u00e4sereien so die M\u00f6glichkeit, einen Teil oder sogar ihren gesamten Energiebedarf zu decken. Dieser innovative Ansatz reduziert den CO2-Fu\u00dfabdruck der Betriebe um mehr als 90 % und l\u00e4sst sich leicht in Projekte von K\u00e4sereiverb\u00e4nden integrieren, wodurch eine nachhaltige und kooperative Produktion gef\u00f6rdert wird.<\/p><p>Jede Anlage ist als schl\u00fcsselfertige, modulare L\u00f6sung konzipiert, die den Gegebenheiten in der Schweiz entspricht \u2013 um Abfall in eine Ressource zu verwandeln und Energie aus kurzer Entfernung zu gewinnen.<\/p>\t\t\t\t\t\t\t\t<\/div>\n\t\t\t\t\t<\/div>\n\t\t<\/div>\n\t\t\t\t\t<\/div>\n\t\t<\/section>\n\t\t\t\t<section class=\"elementor-section elementor-top-section elementor-element elementor-element-44bd783 elementor-section-boxed elementor-section-height-default elementor-section-height-default\" data-id=\"44bd783\" data-element_type=\"section\" data-e-type=\"section\" data-settings=\"{&quot;background_background&quot;:&quot;classic&quot;}\">\n\t\t\t\t\t\t<div class=\"elementor-container elementor-column-gap-no\">\n\t\t\t\t\t<div class=\"elementor-column elementor-col-100 elementor-top-column elementor-element elementor-element-6df616f\" data-id=\"6df616f\" data-element_type=\"column\" data-e-type=\"column\">\n\t\t\t<div class=\"elementor-widget-wrap elementor-element-populated\">\n\t\t\t\t\t\t<div class=\"elementor-element elementor-element-9bfddd6 elementor-widget__width-initial elementor-widget-mobile__width-inherit elementor-widget elementor-widget-heading\" data-id=\"9bfddd6\" data-element_type=\"widget\" data-e-type=\"widget\" data-widget_type=\"heading.default\">\n\t\t\t\t\t<h2 class=\"elementor-heading-title elementor-size-default\">Unsere Erfahrung<\/h2>\t\t\t\t<\/div>\n\t\t\t\t<div class=\"elementor-element elementor-element-d1304e4 elementor-widget__width-initial elementor-widget-mobile__width-inherit elementor-widget elementor-widget-text-editor\" data-id=\"d1304e4\" data-element_type=\"widget\" data-e-type=\"widget\" data-widget_type=\"text-editor.default\">\n\t\t\t\t\t\t\t\t\t<p>Mit 15 Jahren Erfahrung in der Biogasbranche bieten wir Ihnen einen einzigartigen multidisziplin\u00e4ren Ansatz, der Wissenschaft, Regulierung und Praxis miteinander verbindet.<\/p><p>Unsere St\u00e4rke? Eine unvergleichbare F\u00e4higkeit, Metadaten zu interpretieren, die es erm\u00f6glichen, biologische Ph\u00e4nomene langfristig zu verstehen. Dieses fundierte Fachwissen gew\u00e4hrleistet Ihnen eine optimale, nachhaltige und evolutive Steuerung Ihrer Anlage.<\/p><p>Wir kennen uns mit den landwirtschaftlichen Vorschriften und ihren konkreten Auswirkungen auf den Betrieb einer Biogasanlage aus, um Ihnen Konformit\u00e4t und Leistung zu garantieren.<\/p><p>Von der anaeroben Verg\u00e4rung bis zur Ausbringung begleiten wir Sie entlang der gesamten Kette mit einer ganzheitlichen und koh\u00e4renten Sicht auf das System.<\/p><p>Unser einzigartiger Ansatz bei der Interpretation von Daten bietet Ihnen eine klare und strategische Auswertung, die auf Leistung und Rentabilit\u00e4t ausgerichtet ist.<\/p>\t\t\t\t\t\t\t\t<\/div>\n\t\t\t\t\t<\/div>\n\t\t<\/div>\n\t\t\t\t\t<\/div>\n\t\t<\/section>\n\t\t\t\t<\/div>","protected":false},"excerpt":{"rendered":"<p>Notre savoir faire Cl\u00e9 en main Face \u00e0 la hausse des co\u00fbts \u00e9nerg\u00e9tiques et aux nouvelles exigences environnementales, les fromageries suisses sont appel\u00e9es \u00e0 repenser leur mod\u00e8le. Productrices de sp\u00e9cialit\u00e9s AOP, elles d\u00e9pendent encore largement d\u2019\u00e9nergies fossiles, contribuant ainsi aux \u00e9missions de gaz \u00e0 effet de serre. Pourtant, un formidable potentiel est sous-exploit\u00e9 : le [&hellip;]<\/p>\n","protected":false},"author":1,"featured_media":0,"parent":0,"menu_order":0,"comment_status":"closed","ping_status":"closed","template":"","meta":{"site-sidebar-layout":"no-sidebar","site-content-layout":"page-builder","ast-site-content-layout":"default","site-content-style":"default","site-sidebar-style":"default","ast-global-header-display":"","ast-banner-title-visibility":"","ast-main-header-display":"","ast-hfb-above-header-display":"","ast-hfb-below-header-display":"","ast-hfb-mobile-header-display":"","site-post-title":"disabled","ast-breadcrumbs-content":"disabled","ast-featured-img":"disabled","footer-sml-layout":"","ast-disable-related-posts":"","theme-transparent-header-meta":"enabled","adv-header-id-meta":"","stick-header-meta":"","header-above-stick-meta":"","header-main-stick-meta":"","header-below-stick-meta":"","astra-migrate-meta-layouts":"default","ast-page-background-enabled":"default","ast-page-background-meta":{"desktop":{"background-color":"","background-image":"","background-repeat":"repeat","background-position":"center center","background-size":"auto","background-attachment":"scroll","background-type":"","background-media":"","overlay-type":"","overlay-color":"","overlay-opacity":"","overlay-gradient":""},"tablet":{"background-color":"","background-image":"","background-repeat":"repeat","background-position":"center center","background-size":"auto","background-attachment":"scroll","background-type":"","background-media":"","overlay-type":"","overlay-color":"","overlay-opacity":"","overlay-gradient":""},"mobile":{"background-color":"","background-image":"","background-repeat":"repeat","background-position":"center center","background-size":"auto","background-attachment":"scroll","background-type":"","background-media":"","overlay-type":"","overlay-color":"","overlay-opacity":"","overlay-gradient":""}},"ast-content-background-meta":{"desktop":{"background-color":"var(--ast-global-color-5)","background-image":"","background-repeat":"repeat","background-position":"center center","background-size":"auto","background-attachment":"scroll","background-type":"","background-media":"","overlay-type":"","overlay-color":"","overlay-opacity":"","overlay-gradient":""},"tablet":{"background-color":"var(--ast-global-color-5)","background-image":"","background-repeat":"repeat","background-position":"center center","background-size":"auto","background-attachment":"scroll","background-type":"","background-media":"","overlay-type":"","overlay-color":"","overlay-opacity":"","overlay-gradient":""},"mobile":{"background-color":"var(--ast-global-color-5)","background-image":"","background-repeat":"repeat","background-position":"center center","background-size":"auto","background-attachment":"scroll","background-type":"","background-media":"","overlay-type":"","overlay-color":"","overlay-opacity":"","overlay-gradient":""}},"footnotes":""},"class_list":["post-321","page","type-page","status-publish","hentry"],"_links":{"self":[{"href":"https:\/\/bioenergieplus.ch\/de\/wp-json\/wp\/v2\/pages\/321","targetHints":{"allow":["GET"]}}],"collection":[{"href":"https:\/\/bioenergieplus.ch\/de\/wp-json\/wp\/v2\/pages"}],"about":[{"href":"https:\/\/bioenergieplus.ch\/de\/wp-json\/wp\/v2\/types\/page"}],"author":[{"embeddable":true,"href":"https:\/\/bioenergieplus.ch\/de\/wp-json\/wp\/v2\/users\/1"}],"replies":[{"embeddable":true,"href":"https:\/\/bioenergieplus.ch\/de\/wp-json\/wp\/v2\/comments?post=321"}],"version-history":[{"count":116,"href":"https:\/\/bioenergieplus.ch\/de\/wp-json\/wp\/v2\/pages\/321\/revisions"}],"predecessor-version":[{"id":2444,"href":"https:\/\/bioenergieplus.ch\/de\/wp-json\/wp\/v2\/pages\/321\/revisions\/2444"}],"wp:attachment":[{"href":"https:\/\/bioenergieplus.ch\/de\/wp-json\/wp\/v2\/media?parent=321"}],"curies":[{"name":"wp","href":"https:\/\/api.w.org\/{rel}","templated":true}]}}