{"id":316,"date":"2025-09-01T10:09:01","date_gmt":"2025-09-01T08:09:01","guid":{"rendered":"http:\/\/bioenergie-plus.local\/services\/"},"modified":"2025-09-18T15:34:49","modified_gmt":"2025-09-18T13:34:49","slug":"fromageries-industrie","status":"publish","type":"page","link":"https:\/\/bioenergieplus.ch\/de\/fromageries-industrie\/","title":{"rendered":"K\u00e4sereien und Industrie"},"content":{"rendered":"<div data-elementor-type=\"wp-page\" data-elementor-id=\"316\" class=\"elementor elementor-316\">\n\t\t\t\t\t\t<section class=\"elementor-section elementor-top-section elementor-element elementor-element-47117e6 elementor-section-height-min-height elementor-section-boxed elementor-section-height-default elementor-section-items-middle\" data-id=\"47117e6\" data-element_type=\"section\" data-e-type=\"section\" data-settings=\"{&quot;background_background&quot;:&quot;classic&quot;}\">\n\t\t\t\t\t\t<div class=\"elementor-container elementor-column-gap-no\">\n\t\t\t\t\t<div class=\"elementor-column elementor-col-100 elementor-top-column elementor-element elementor-element-c5cbc28\" data-id=\"c5cbc28\" data-element_type=\"column\" data-e-type=\"column\">\n\t\t\t<div class=\"elementor-widget-wrap elementor-element-populated\">\n\t\t\t\t\t\t<div class=\"elementor-element elementor-element-aff0c05 elementor-widget elementor-widget-heading\" data-id=\"aff0c05\" data-element_type=\"widget\" data-e-type=\"widget\" data-widget_type=\"heading.default\">\n\t\t\t\t\t<h1 class=\"elementor-heading-title elementor-size-default\">K\u00e4sereien und Industrie<\/h1>\t\t\t\t<\/div>\n\t\t\t\t\t<\/div>\n\t\t<\/div>\n\t\t\t\t\t<\/div>\n\t\t<\/section>\n\t\t\t\t<section class=\"elementor-section elementor-top-section elementor-element elementor-element-a9a43e4 elementor-section-content-middle elementor-section-boxed elementor-section-height-default elementor-section-height-default\" data-id=\"a9a43e4\" data-element_type=\"section\" data-e-type=\"section\" data-settings=\"{&quot;background_background&quot;:&quot;classic&quot;}\">\n\t\t\t\t\t\t\t<div class=\"elementor-background-overlay\"><\/div>\n\t\t\t\t\t\t\t<div class=\"elementor-container elementor-column-gap-no\">\n\t\t\t\t\t<div class=\"elementor-column elementor-col-100 elementor-top-column elementor-element elementor-element-b77a5dd\" data-id=\"b77a5dd\" data-element_type=\"column\" data-e-type=\"column\">\n\t\t\t<div class=\"elementor-widget-wrap elementor-element-populated\">\n\t\t\t\t\t\t<div class=\"elementor-element elementor-element-f282360 elementor-widget elementor-widget-heading\" data-id=\"f282360\" data-element_type=\"widget\" data-e-type=\"widget\" data-widget_type=\"heading.default\">\n\t\t\t\t\t<h2 class=\"elementor-heading-title elementor-size-default\">Von Molke zu Energie: <br> Wie funktioniert das?<\/h2>\t\t\t\t<\/div>\n\t\t\t\t<div class=\"elementor-element elementor-element-c5b0770 elementor-widget elementor-widget-text-editor\" data-id=\"c5b0770\" data-element_type=\"widget\" data-e-type=\"widget\" data-widget_type=\"text-editor.default\">\n\t\t\t\t\t\t\t\t\t<p>Jeden Tag produziert Ihre K\u00e4serei Molke. Bislang haben Sie diese entsorgt ... anderswo.<br \/>Mit BioEnergiePlus k\u00f6nnen Sie sie nun direkt vor Ort in Energie umwandeln.<\/p><p>So funktioniert es:<\/p>\t\t\t\t\t\t\t\t<\/div>\n\t\t\t\t\t<\/div>\n\t\t<\/div>\n\t\t\t\t\t<\/div>\n\t\t<\/section>\n\t\t<div class=\"elementor-element elementor-element-d7ebd19 e-flex e-con-boxed e-con e-parent\" data-id=\"d7ebd19\" data-element_type=\"container\" data-e-type=\"container\">\n\t\t\t\t\t<div class=\"e-con-inner\">\n\t\t\t\t<div class=\"elementor-element elementor-element-d1e3e9b e-n-tabs-mobile elementor-widget elementor-widget-n-tabs\" data-id=\"d1e3e9b\" data-element_type=\"widget\" data-e-type=\"widget\" data-settings=\"{&quot;tabs_justify_horizontal_mobile&quot;:&quot;center&quot;,&quot;horizontal_scroll&quot;:&quot;disable&quot;}\" data-widget_type=\"nested-tabs.default\">\n\t\t\t\t\t\t\t<div class=\"e-n-tabs\" data-widget-number=\"220085915\" aria-label=\"Onglets. Ouvrez des \u00e9l\u00e9ments avec Entrer ou Espace, fermez-les avec Echape et naviguez \u00e0 l&#039;aide des touches fl\u00e9ch\u00e9es.\">\n\t\t\t<div class=\"e-n-tabs-heading\" role=\"tablist\">\n\t\t\t\t\t<button id=\"e-n-tab-title-2200859151\" data-tab-title-id=\"e-n-tab-title-2200859151\" class=\"e-n-tab-title\" aria-selected=\"true\" data-tab-index=\"1\" role=\"tab\" tabindex=\"0\" aria-controls=\"e-n-tab-content-2200859151\" style=\"--n-tabs-title-order: 1;\">\n\t\t\t\t\t\t<span class=\"e-n-tab-title-text\">\n\t\t\t\tK\u00e4serei\t\t\t<\/span>\n\t\t<\/button>\n\t\t\t\t<button id=\"e-n-tab-title-2200859152\" data-tab-title-id=\"e-n-tab-title-2200859152\" class=\"e-n-tab-title\" aria-selected=\"false\" data-tab-index=\"2\" role=\"tab\" tabindex=\"-1\" aria-controls=\"e-n-tab-content-2200859152\" style=\"--n-tabs-title-order: 2;\">\n\t\t\t\t\t\t<span class=\"e-n-tab-title-text\">\n\t\t\t\tIndustrie\t\t\t<\/span>\n\t\t<\/button>\n\t\t\t\t\t<\/div>\n\t\t\t<div class=\"e-n-tabs-content\">\n\t\t\t\t<div id=\"e-n-tab-content-2200859151\" role=\"tabpanel\" aria-labelledby=\"e-n-tab-title-2200859151\" data-tab-index=\"1\" style=\"--n-tabs-title-order: 1;\" class=\"e-active elementor-element elementor-element-71c5b77 e-con-full e-flex e-con e-child\" data-id=\"71c5b77\" data-element_type=\"container\" data-e-type=\"container\">\n\t\t\t\t<div class=\"elementor-element elementor-element-6d746286 elementor-widget elementor-widget-image\" data-id=\"6d746286\" data-element_type=\"widget\" data-e-type=\"widget\" data-widget_type=\"image.default\">\n\t\t\t\t\t\t\t\t\t\t\t\t\t\t\t<img fetchpriority=\"high\" decoding=\"async\" width=\"1468\" height=\"673\" src=\"https:\/\/bioenergieplus.ch\/wp-content\/uploads\/2025\/09\/model-1.png\" class=\"attachment-full size-full wp-image-2144\" alt=\"model.png\" srcset=\"https:\/\/bioenergieplus.ch\/wp-content\/uploads\/2025\/09\/model-1.png 1468w, https:\/\/bioenergieplus.ch\/wp-content\/uploads\/2025\/09\/model-1-300x138.png 300w, https:\/\/bioenergieplus.ch\/wp-content\/uploads\/2025\/09\/model-1-1024x469.png 1024w, https:\/\/bioenergieplus.ch\/wp-content\/uploads\/2025\/09\/model-1-768x352.png 768w, https:\/\/bioenergieplus.ch\/wp-content\/uploads\/2025\/09\/model-1-18x8.png 18w\" sizes=\"(max-width: 1468px) 100vw, 1468px\" title=\"K\u00e4sereien und Industrie\">\t\t\t\t\t\t\t\t\t\t\t\t\t\t\t<\/div>\n\t\t\t\t<div class=\"elementor-element elementor-element-f00149f elementor-widget elementor-widget-image\" data-id=\"f00149f\" data-element_type=\"widget\" data-e-type=\"widget\" data-widget_type=\"image.default\">\n\t\t\t\t\t\t\t\t\t\t\t\t\t\t\t<img decoding=\"async\" width=\"2560\" height=\"1440\" src=\"https:\/\/bioenergieplus.ch\/wp-content\/uploads\/2025\/09\/Model-3d-02-scaled.jpg\" class=\"attachment-full size-full wp-image-2336\" alt=\"model 3d 02\" srcset=\"https:\/\/bioenergieplus.ch\/wp-content\/uploads\/2025\/09\/Model-3d-02-scaled.jpg 2560w, https:\/\/bioenergieplus.ch\/wp-content\/uploads\/2025\/09\/Model-3d-02-300x169.jpg 300w, https:\/\/bioenergieplus.ch\/wp-content\/uploads\/2025\/09\/Model-3d-02-1024x576.jpg 1024w, https:\/\/bioenergieplus.ch\/wp-content\/uploads\/2025\/09\/Model-3d-02-768x432.jpg 768w, https:\/\/bioenergieplus.ch\/wp-content\/uploads\/2025\/09\/Model-3d-02-1536x864.jpg 1536w, https:\/\/bioenergieplus.ch\/wp-content\/uploads\/2025\/09\/Model-3d-02-2048x1152.jpg 2048w, https:\/\/bioenergieplus.ch\/wp-content\/uploads\/2025\/09\/Model-3d-02-18x10.jpg 18w\" sizes=\"(max-width: 2560px) 100vw, 2560px\" title=\"K\u00e4sereien und Industrie\">\t\t\t\t\t\t\t\t\t\t\t\t\t\t\t<\/div>\n\t\t\t\t<div class=\"elementor-element elementor-element-52f90c0 elementor-widget elementor-widget-heading\" data-id=\"52f90c0\" data-element_type=\"widget\" data-e-type=\"widget\" data-widget_type=\"heading.default\">\n\t\t\t\t\t<h2 class=\"elementor-heading-title elementor-size-default\">Abmessungen der Anlage: <br><b>10 \u00d7 12 \u00d7 6m<\/b> <br> K\u00e4serei mit einer Jahresproduktion von 4 Millionen Litern Milch<\/h2>\t\t\t\t<\/div>\n\t\t\t\t<\/div>\n\t\t<div id=\"e-n-tab-content-2200859152\" role=\"tabpanel\" aria-labelledby=\"e-n-tab-title-2200859152\" data-tab-index=\"2\" style=\"--n-tabs-title-order: 2;\" class=\"elementor-element elementor-element-12bb801 e-con-full e-flex e-con e-child\" data-id=\"12bb801\" data-element_type=\"container\" data-e-type=\"container\">\n\t\t\t\t<div class=\"elementor-element elementor-element-8b3e9f8 elementor-widget elementor-widget-image\" data-id=\"8b3e9f8\" data-element_type=\"widget\" data-e-type=\"widget\" data-widget_type=\"image.default\">\n\t\t\t\t\t\t\t\t\t\t\t\t\t\t\t<img decoding=\"async\" width=\"2000\" height=\"1500\" src=\"https:\/\/bioenergieplus.ch\/wp-content\/uploads\/2025\/09\/bioenergieplus-img-01.jpg\" class=\"attachment-full size-full wp-image-2175\" alt=\"bioenergieplus img 01\" srcset=\"https:\/\/bioenergieplus.ch\/wp-content\/uploads\/2025\/09\/bioenergieplus-img-01.jpg 2000w, https:\/\/bioenergieplus.ch\/wp-content\/uploads\/2025\/09\/bioenergieplus-img-01-300x225.jpg 300w, https:\/\/bioenergieplus.ch\/wp-content\/uploads\/2025\/09\/bioenergieplus-img-01-1024x768.jpg 1024w, https:\/\/bioenergieplus.ch\/wp-content\/uploads\/2025\/09\/bioenergieplus-img-01-768x576.jpg 768w, https:\/\/bioenergieplus.ch\/wp-content\/uploads\/2025\/09\/bioenergieplus-img-01-1536x1152.jpg 1536w, https:\/\/bioenergieplus.ch\/wp-content\/uploads\/2025\/09\/bioenergieplus-img-01-16x12.jpg 16w\" sizes=\"(max-width: 2000px) 100vw, 2000px\" title=\"K\u00e4sereien und Industrie\">\t\t\t\t\t\t\t\t\t\t\t\t\t\t\t<\/div>\n\t\t<div class=\"elementor-element elementor-element-b76a8b9 e-grid e-con-boxed e-con e-child\" data-id=\"b76a8b9\" data-element_type=\"container\" data-e-type=\"container\">\n\t\t\t\t\t<div class=\"e-con-inner\">\n\t\t\t\t<div class=\"elementor-element elementor-element-64ec68a elementor-widget elementor-widget-image\" data-id=\"64ec68a\" data-element_type=\"widget\" data-e-type=\"widget\" data-widget_type=\"image.default\">\n\t\t\t\t\t\t\t\t\t\t\t\t\t\t\t<img loading=\"lazy\" decoding=\"async\" width=\"2000\" height=\"1500\" src=\"https:\/\/bioenergieplus.ch\/wp-content\/uploads\/2025\/09\/PHOTO-2025-04-22-09-36-51-2.jpg\" class=\"attachment-full size-full wp-image-1705\" alt=\"photo 2025 04 22 09 36 51 2\" srcset=\"https:\/\/bioenergieplus.ch\/wp-content\/uploads\/2025\/09\/PHOTO-2025-04-22-09-36-51-2.jpg 2000w, https:\/\/bioenergieplus.ch\/wp-content\/uploads\/2025\/09\/PHOTO-2025-04-22-09-36-51-2-300x225.jpg 300w, https:\/\/bioenergieplus.ch\/wp-content\/uploads\/2025\/09\/PHOTO-2025-04-22-09-36-51-2-1024x768.jpg 1024w, https:\/\/bioenergieplus.ch\/wp-content\/uploads\/2025\/09\/PHOTO-2025-04-22-09-36-51-2-768x576.jpg 768w, https:\/\/bioenergieplus.ch\/wp-content\/uploads\/2025\/09\/PHOTO-2025-04-22-09-36-51-2-1536x1152.jpg 1536w, https:\/\/bioenergieplus.ch\/wp-content\/uploads\/2025\/09\/PHOTO-2025-04-22-09-36-51-2-16x12.jpg 16w\" sizes=\"(max-width: 2000px) 100vw, 2000px\" title=\"K\u00e4sereien und Industrie\">\t\t\t\t\t\t\t\t\t\t\t\t\t\t\t<\/div>\n\t\t\t\t<div class=\"elementor-element elementor-element-03d6823 elementor-widget elementor-widget-image\" data-id=\"03d6823\" data-element_type=\"widget\" data-e-type=\"widget\" data-widget_type=\"image.default\">\n\t\t\t\t\t\t\t\t\t\t\t\t\t\t\t<img loading=\"lazy\" decoding=\"async\" width=\"2560\" height=\"1920\" src=\"https:\/\/bioenergieplus.ch\/wp-content\/uploads\/2025\/09\/IMG_20241218_084237-scaled-1.jpg\" class=\"attachment-full size-full wp-image-1762\" alt=\"img 20241218 084237 scaled.jpg\" srcset=\"https:\/\/bioenergieplus.ch\/wp-content\/uploads\/2025\/09\/IMG_20241218_084237-scaled-1.jpg 2560w, https:\/\/bioenergieplus.ch\/wp-content\/uploads\/2025\/09\/IMG_20241218_084237-scaled-1-300x225.jpg 300w, https:\/\/bioenergieplus.ch\/wp-content\/uploads\/2025\/09\/IMG_20241218_084237-scaled-1-1024x768.jpg 1024w, https:\/\/bioenergieplus.ch\/wp-content\/uploads\/2025\/09\/IMG_20241218_084237-scaled-1-768x576.jpg 768w, https:\/\/bioenergieplus.ch\/wp-content\/uploads\/2025\/09\/IMG_20241218_084237-scaled-1-1536x1152.jpg 1536w, https:\/\/bioenergieplus.ch\/wp-content\/uploads\/2025\/09\/IMG_20241218_084237-scaled-1-2048x1536.jpg 2048w, https:\/\/bioenergieplus.ch\/wp-content\/uploads\/2025\/09\/IMG_20241218_084237-scaled-1-16x12.jpg 16w\" sizes=\"(max-width: 2560px) 100vw, 2560px\" title=\"K\u00e4sereien und Industrie\">\t\t\t\t\t\t\t\t\t\t\t\t\t\t\t<\/div>\n\t\t\t\t\t<\/div>\n\t\t\t\t<\/div>\n\t\t\t\t<\/div>\n\t\t\t\t\t<\/div>\n\t\t<\/div>\n\t\t\t\t\t\t<\/div>\n\t\t\t\t\t<\/div>\n\t\t\t\t<\/div>\n\t\t\t\t<section class=\"elementor-section elementor-top-section elementor-element elementor-element-7ccd6a8 elementor-section-boxed elementor-section-height-default elementor-section-height-default\" data-id=\"7ccd6a8\" data-element_type=\"section\" data-e-type=\"section\" data-settings=\"{&quot;background_background&quot;:&quot;classic&quot;}\">\n\t\t\t\t\t\t<div class=\"elementor-container elementor-column-gap-no\">\n\t\t\t\t\t<div class=\"elementor-column elementor-col-100 elementor-top-column elementor-element elementor-element-e361a82\" data-id=\"e361a82\" data-element_type=\"column\" data-e-type=\"column\">\n\t\t\t<div class=\"elementor-widget-wrap elementor-element-populated\">\n\t\t\t\t<div class=\"elementor-element elementor-element-4454d1d e-flex e-con-boxed e-con e-parent\" data-id=\"4454d1d\" data-element_type=\"container\" data-e-type=\"container\">\n\t\t\t\t\t<div class=\"e-con-inner\">\n\t\t\t\t<div class=\"elementor-element elementor-element-574641d elementor-widget elementor-widget-heading\" data-id=\"574641d\" data-element_type=\"widget\" data-e-type=\"widget\" data-widget_type=\"heading.default\">\n\t\t\t\t\t<h2 class=\"elementor-heading-title elementor-size-default\">Die Molke wird aufgefangen<\/h2>\t\t\t\t<\/div>\n\t\t\t\t<div class=\"elementor-element elementor-element-8e2efa5 elementor-widget elementor-widget-text-editor\" data-id=\"8e2efa5\" data-element_type=\"widget\" data-e-type=\"widget\" data-widget_type=\"text-editor.default\">\n\t\t\t\t\t\t\t\t\t<p>Die Molke (und das Reinigungswasser) wird automatisch am Ausgang Ihrer Produktion aufgefangen.<br \/>Sie muss nicht gek\u00fchlt werden. Eine einfache Zwischenspeicherung vor der Einleitung in den Fermenter reicht aus.<\/p>\t\t\t\t\t\t\t\t<\/div>\n\t\t\t\t\t<\/div>\n\t\t\t\t<\/div>\n\t\t<div class=\"elementor-element elementor-element-d688397 e-flex e-con-boxed e-con e-parent\" data-id=\"d688397\" data-element_type=\"container\" data-e-type=\"container\">\n\t\t\t\t\t<div class=\"e-con-inner\">\n\t\t\t\t<div class=\"elementor-element elementor-element-fa0b43d elementor-widget elementor-widget-heading\" data-id=\"fa0b43d\" data-element_type=\"widget\" data-e-type=\"widget\" data-widget_type=\"heading.default\">\n\t\t\t\t\t<h2 class=\"elementor-heading-title elementor-size-default\">Sie gelangt in einen speziellen Beh\u00e4lter (den Fermenter)<\/h2>\t\t\t\t<\/div>\n\t\t\t\t<div class=\"elementor-element elementor-element-bce5412 elementor-widget elementor-widget-text-editor\" data-id=\"bce5412\" data-element_type=\"widget\" data-e-type=\"widget\" data-widget_type=\"text-editor.default\">\n\t\t\t\t\t\t\t\t\t<p>In diesem geschlossenen und warm gehaltenen Beh\u00e4lter, dem Fermenter, zersetzen nat\u00fcrliche Bakterien die Molke. Dieser Prozess wird als Methanisierung bezeichnet.<\/p>\t\t\t\t\t\t\t\t<\/div>\n\t\t\t\t\t<\/div>\n\t\t\t\t<\/div>\n\t\t<div class=\"elementor-element elementor-element-3a6c458 e-flex e-con-boxed e-con e-parent\" data-id=\"3a6c458\" data-element_type=\"container\" data-e-type=\"container\">\n\t\t\t\t\t<div class=\"e-con-inner\">\n\t\t\t\t<div class=\"elementor-element elementor-element-7dbd94f elementor-widget elementor-widget-heading\" data-id=\"7dbd94f\" data-element_type=\"widget\" data-e-type=\"widget\" data-widget_type=\"heading.default\">\n\t\t\t\t\t<h2 class=\"elementor-heading-title elementor-size-default\">Es entsteht Biogas.<\/h2>\t\t\t\t<\/div>\n\t\t\t\t<div class=\"elementor-element elementor-element-fa2ccf7 elementor-widget elementor-widget-text-editor\" data-id=\"fa2ccf7\" data-element_type=\"widget\" data-e-type=\"widget\" data-widget_type=\"text-editor.default\">\n\t\t\t\t\t\t\t\t\t<p>W\u00e4hrend dieses Prozesses entsteht ein Gas: Methan, ein sauberes, nicht fossiles Gas.<br \/>Es kann vor Ort zum Erhitzen von Wasser, zum Beheizen von R\u00e4umen oder zur Stromerzeugung genutzt werden.<\/p>\t\t\t\t\t\t\t\t<\/div>\n\t\t\t\t\t<\/div>\n\t\t\t\t<\/div>\n\t\t<div class=\"elementor-element elementor-element-c510750 e-flex e-con-boxed e-con e-parent\" data-id=\"c510750\" data-element_type=\"container\" data-e-type=\"container\">\n\t\t\t\t\t<div class=\"e-con-inner\">\n\t\t\t\t<div class=\"elementor-element elementor-element-d83d80c elementor-widget elementor-widget-heading\" data-id=\"d83d80c\" data-element_type=\"widget\" data-e-type=\"widget\" data-widget_type=\"heading.default\">\n\t\t\t\t\t<h2 class=\"elementor-heading-title elementor-size-default\">Sie nutzen Ihre eigene Energie.<\/h2>\t\t\t\t<\/div>\n\t\t\t\t<div class=\"elementor-element elementor-element-4cdb64a elementor-widget elementor-widget-text-editor\" data-id=\"4cdb64a\" data-element_type=\"widget\" data-e-type=\"widget\" data-widget_type=\"text-editor.default\">\n\t\t\t\t\t\t\t\t\t<p>Mit diesem Gas k\u00f6nnen Sie Ihr Prozesswasser erhitzen, Ihr Geb\u00e4ude beheizen und eine Kraft-W\u00e4rme-Kopplungsanlage betreiben, um auch Ihren eigenen Strom zu erzeugen.<\/p>\t\t\t\t\t\t\t\t<\/div>\n\t\t\t\t\t<\/div>\n\t\t\t\t<\/div>\n\t\t<div class=\"elementor-element elementor-element-168f257 e-flex e-con-boxed e-con e-parent\" data-id=\"168f257\" data-element_type=\"container\" data-e-type=\"container\">\n\t\t\t\t\t<div class=\"e-con-inner\">\n\t\t\t\t<div class=\"elementor-element elementor-element-444e9e7 elementor-widget elementor-widget-heading\" data-id=\"444e9e7\" data-element_type=\"widget\" data-e-type=\"widget\" data-widget_type=\"heading.default\">\n\t\t\t\t\t<h2 class=\"elementor-heading-title elementor-size-default\">Was bleibt \u00fcbrig? <br> Es wird sauber behandelt.<\/h2>\t\t\t\t<\/div>\n\t\t\t\t<div class=\"elementor-element elementor-element-53384a0 elementor-widget elementor-widget-text-editor\" data-id=\"53384a0\" data-element_type=\"widget\" data-e-type=\"widget\" data-widget_type=\"text-editor.default\">\n\t\t\t\t\t\t\t\t\t<p>Der R\u00fcckstand, der sogenannte G\u00e4rrest, wird vor Ort gefiltert und behandelt.<br \/>Er kann (mit Zustimmung der Gemeinde) in das Abwasser geleitet oder manchmal als D\u00fcnger verwertet werden.<\/p>\t\t\t\t\t\t\t\t<\/div>\n\t\t\t\t\t<\/div>\n\t\t\t\t<\/div>\n\t\t<div class=\"elementor-element elementor-element-b315a54 e-flex e-con-boxed e-con e-parent\" data-id=\"b315a54\" data-element_type=\"container\" data-e-type=\"container\">\n\t\t\t\t\t<div class=\"e-con-inner\">\n\t\t\t\t<div class=\"elementor-element elementor-element-0407b6c elementor-widget elementor-widget-heading\" data-id=\"0407b6c\" data-element_type=\"widget\" data-e-type=\"widget\" data-widget_type=\"heading.default\">\n\t\t\t\t\t<h2 class=\"elementor-heading-title elementor-size-default\">Und all das wird automatisch gesteuert<\/h2>\t\t\t\t<\/div>\n\t\t\t\t<div class=\"elementor-element elementor-element-866d246 elementor-widget elementor-widget-text-editor\" data-id=\"866d246\" data-element_type=\"widget\" data-e-type=\"widget\" data-widget_type=\"text-editor.default\">\n\t\t\t\t\t\t\t\t\t<p>Die Anlage ist unauff\u00e4llig, vernetzt und wird per Computer \u00fcberwacht.<br \/>Sie k\u00f6nnen sich ganz auf Ihr Know-how konzentrieren: K\u00e4se herstellen, nicht Gas.<\/p>\t\t\t\t\t\t\t\t<\/div>\n\t\t\t\t\t<\/div>\n\t\t\t\t<\/div>\n\t\t\t\t\t<\/div>\n\t\t<\/div>\n\t\t\t\t\t<\/div>\n\t\t<\/section>\n\t\t\t\t<section class=\"elementor-section elementor-top-section elementor-element elementor-element-az0o47p elementor-section-content-top elementor-section-boxed elementor-section-height-default elementor-section-height-default\" data-id=\"az0o47p\" data-element_type=\"section\" data-e-type=\"section\" data-settings=\"{&quot;background_background&quot;:&quot;classic&quot;}\">\n\t\t\t\t\t\t\t<div class=\"elementor-background-overlay\"><\/div>\n\t\t\t\t\t\t\t<div class=\"elementor-container elementor-column-gap-no\">\n\t\t\t\t\t<div class=\"elementor-column elementor-col-100 elementor-top-column elementor-element elementor-element-5312e3d\" data-id=\"5312e3d\" data-element_type=\"column\" data-e-type=\"column\" data-settings=\"{&quot;background_background&quot;:&quot;classic&quot;}\">\n\t\t\t<div class=\"elementor-widget-wrap elementor-element-populated\">\n\t\t\t\t\t\t<div class=\"elementor-element elementor-element-f8e2218 elementor-widget elementor-widget-heading\" data-id=\"f8e2218\" data-element_type=\"widget\" data-e-type=\"widget\" data-widget_type=\"heading.default\">\n\t\t\t\t\t<h2 class=\"elementor-heading-title elementor-size-default\">Das Ergebnis?<\/h2>\t\t\t\t<\/div>\n\t\t\t\t<div class=\"elementor-element elementor-element-14524f7 elementor-widget__width-initial elementor-widget elementor-widget-text-editor\" data-id=\"14524f7\" data-element_type=\"widget\" data-e-type=\"widget\" data-widget_type=\"text-editor.default\">\n\t\t\t\t\t\t\t\t\t<p class=\"p1\">Sie senken Ihre Energiekosten, reduzieren Ihren CO2-Fussabdruck und verwerten ein Nebenprodukt, das bisher fast ungenutzt blieb.<\/p>\t\t\t\t\t\t\t\t<\/div>\n\t\t\t\t\t<\/div>\n\t\t<\/div>\n\t\t\t\t\t<\/div>\n\t\t<\/section>\n\t\t\t\t<\/div>","protected":false},"excerpt":{"rendered":"<p>Fromageries et Industrie Du petit-lait \u00e0 l\u2019\u00e9nergie : comment \u00e7a fonctionne ? Chaque jour, votre fromagerie produit du petit-lait. Jusqu\u2019ici, vous le faisiez partir\u2026 ailleurs.Avec BioEnergiePlus, vous pouvez maintenant le transformer en \u00e9nergie directement sur place. Voici comment \u00e7a se passe : Fromageries artisanales Industrie laiti\u00e8re Dimension de l&rsquo;installation : 10 \u00d7 12 \u00d7 6m [&hellip;]<\/p>\n","protected":false},"author":1,"featured_media":0,"parent":0,"menu_order":0,"comment_status":"closed","ping_status":"closed","template":"","meta":{"site-sidebar-layout":"no-sidebar","site-content-layout":"page-builder","ast-site-content-layout":"full-width-container","site-content-style":"unboxed","site-sidebar-style":"unboxed","ast-global-header-display":"","ast-banner-title-visibility":"","ast-main-header-display":"","ast-hfb-above-header-display":"","ast-hfb-below-header-display":"","ast-hfb-mobile-header-display":"","site-post-title":"disabled","ast-breadcrumbs-content":"disabled","ast-featured-img":"disabled","footer-sml-layout":"","ast-disable-related-posts":"","theme-transparent-header-meta":"enabled","adv-header-id-meta":"","stick-header-meta":"","header-above-stick-meta":"","header-main-stick-meta":"","header-below-stick-meta":"","astra-migrate-meta-layouts":"set","ast-page-background-enabled":"default","ast-page-background-meta":{"desktop":{"background-color":"","background-image":"","background-repeat":"repeat","background-position":"center center","background-size":"auto","background-attachment":"scroll","background-type":"","background-media":"","overlay-type":"","overlay-color":"","overlay-opacity":"","overlay-gradient":""},"tablet":{"background-color":"","background-image":"","background-repeat":"repeat","background-position":"center center","background-size":"auto","background-attachment":"scroll","background-type":"","background-media":"","overlay-type":"","overlay-color":"","overlay-opacity":"","overlay-gradient":""},"mobile":{"background-color":"","background-image":"","background-repeat":"repeat","background-position":"center center","background-size":"auto","background-attachment":"scroll","background-type":"","background-media":"","overlay-type":"","overlay-color":"","overlay-opacity":"","overlay-gradient":""}},"ast-content-background-meta":{"desktop":{"background-color":"var(--ast-global-color-5)","background-image":"","background-repeat":"repeat","background-position":"center center","background-size":"auto","background-attachment":"scroll","background-type":"","background-media":"","overlay-type":"","overlay-color":"","overlay-opacity":"","overlay-gradient":""},"tablet":{"background-color":"var(--ast-global-color-5)","background-image":"","background-repeat":"repeat","background-position":"center center","background-size":"auto","background-attachment":"scroll","background-type":"","background-media":"","overlay-type":"","overlay-color":"","overlay-opacity":"","overlay-gradient":""},"mobile":{"background-color":"var(--ast-global-color-5)","background-image":"","background-repeat":"repeat","background-position":"center center","background-size":"auto","background-attachment":"scroll","background-type":"","background-media":"","overlay-type":"","overlay-color":"","overlay-opacity":"","overlay-gradient":""}},"footnotes":""},"class_list":["post-316","page","type-page","status-publish","hentry"],"_links":{"self":[{"href":"https:\/\/bioenergieplus.ch\/de\/wp-json\/wp\/v2\/pages\/316","targetHints":{"allow":["GET"]}}],"collection":[{"href":"https:\/\/bioenergieplus.ch\/de\/wp-json\/wp\/v2\/pages"}],"about":[{"href":"https:\/\/bioenergieplus.ch\/de\/wp-json\/wp\/v2\/types\/page"}],"author":[{"embeddable":true,"href":"https:\/\/bioenergieplus.ch\/de\/wp-json\/wp\/v2\/users\/1"}],"replies":[{"embeddable":true,"href":"https:\/\/bioenergieplus.ch\/de\/wp-json\/wp\/v2\/comments?post=316"}],"version-history":[{"count":202,"href":"https:\/\/bioenergieplus.ch\/de\/wp-json\/wp\/v2\/pages\/316\/revisions"}],"predecessor-version":[{"id":2466,"href":"https:\/\/bioenergieplus.ch\/de\/wp-json\/wp\/v2\/pages\/316\/revisions\/2466"}],"wp:attachment":[{"href":"https:\/\/bioenergieplus.ch\/de\/wp-json\/wp\/v2\/media?parent=316"}],"curies":[{"name":"wp","href":"https:\/\/api.w.org\/{rel}","templated":true}]}}